{"id":45,"date":"2023-09-18T11:23:14","date_gmt":"2023-09-18T11:23:14","guid":{"rendered":"https:\/\/samsa-bauen.de\/index.php\/about\/"},"modified":"2023-09-20T12:30:39","modified_gmt":"2023-09-20T12:30:39","slug":"about","status":"publish","type":"page","link":"https:\/\/samsa-bauen.de\/index.php\/about\/","title":{"rendered":"Was uns auszeichnet"},"content":{"rendered":"\t\t<div data-elementor-type=\"wp-page\" data-elementor-id=\"45\" class=\"elementor elementor-45\">\n\t\t\t\t<div class=\"elementor-element elementor-element-2e6cf9d1 e-flex e-con-boxed e-con e-parent\" data-id=\"2e6cf9d1\" data-element_type=\"container\" data-e-type=\"container\">\n\t\t\t\t\t<div class=\"e-con-inner\">\n\t\t\t\t<div class=\"elementor-element elementor-element-d731a31 elementor-widget elementor-widget-spacer\" data-id=\"d731a31\" data-element_type=\"widget\" data-e-type=\"widget\" data-widget_type=\"spacer.default\">\n\t\t\t\t<div class=\"elementor-widget-container\">\n\t\t\t\t\t\t\t<div class=\"elementor-spacer\">\n\t\t\t<div class=\"elementor-spacer-inner\"><\/div>\n\t\t<\/div>\n\t\t\t\t\t\t<\/div>\n\t\t\t\t<\/div>\n\t\t\t\t<div class=\"elementor-element elementor-element-a541537 elementor-widget elementor-widget-text-editor\" data-id=\"a541537\" data-element_type=\"widget\" data-e-type=\"widget\" data-widget_type=\"text-editor.default\">\n\t\t\t\t<div class=\"elementor-widget-container\">\n\t\t\t\t\t\t\t\t\t<div class=\"col-md-6 col-sm-6 col-xs-12\">\n<div class=\"about-img-area wow fadeInDown animated animated animated animated animated\" style=\"visibility: visible; animation-delay: 0.4s; animation-name: fadeInDown;\" data-wow-delay=\"0.4s\"><img decoding=\"async\" class=\"img-responsive\" src=\"https:\/\/samsa-bauen.de\/wp-content\/uploads\/2023\/09\/haus_1.webp\" alt=\"Image\" \/><\/div>\n<\/div>\n<div class=\"col-md-6 col-sm-6 col-xs-12 wow fadeInDown animated animated animated animated animated\" style=\"visibility: visible; animation-delay: 0.4s; animation-name: fadeInDown;\" data-wow-delay=\"0.4s\">\n<h2>Mit Herz und Seele statt einfach nur bauen.<\/h2>\nUnser Slogan, den wir mit Stolz und Ehrlichkeit transportieren <b>\u201eWir bauen, als w\u00fcrden wir selbst drin wohnen.\u201c<\/b>, soll Ihnen zeigen, dass wir Ihr Haus mit Herz und Seele bauen. Wir sind ein Unternehmen, das den Traum vom Eigenheim Wirklichkeit werden l\u00e4sst. Dabei sagen wir Ihnen nicht nur, wie es gehen kann \u2013 nein, wir beweisen es Ihnen und setzen es mit Ihnen, gemeinsam mit unserem Architekt und Statiker, um. Neues mit Altem sach- und fachgerecht zu verbinden, steht f\u00fcr uns im Mittelpunkt unseres Tuns.\n\nDie von uns gebauten H\u00e4user entsprechen h\u00f6chsten Qualit\u00e4tsanspr\u00fcchen: Brand- und Schallschutz, energieeffiziente Bauweise, hoher Werterhalt durch lange Lebensdauer u.v.m. Tr\u00e4umen Sie mit uns zusammen Ihr Wunschhaus \u2013 bei einem pers\u00f6nlichen Gespr\u00e4ch in angenehmer Atmosph\u00e4re erstellen wir gemeinsam Ihr Objekt.\n\n<\/div>\t\t\t\t\t\t\t\t<\/div>\n\t\t\t\t<\/div>\n\t\t\t\t<div class=\"elementor-element elementor-element-a45a44f elementor-widget elementor-widget-spacer\" data-id=\"a45a44f\" data-element_type=\"widget\" data-e-type=\"widget\" data-widget_type=\"spacer.default\">\n\t\t\t\t<div class=\"elementor-widget-container\">\n\t\t\t\t\t\t\t<div class=\"elementor-spacer\">\n\t\t\t<div class=\"elementor-spacer-inner\"><\/div>\n\t\t<\/div>\n\t\t\t\t\t\t<\/div>\n\t\t\t\t<\/div>\n\t\t\t\t\t<\/div>\n\t\t\t\t<\/div>\n\t\t<div class=\"elementor-element elementor-element-a0afbfd e-flex e-con-boxed elementor-invisible e-con e-parent\" data-id=\"a0afbfd\" data-element_type=\"container\" data-e-type=\"container\" data-settings=\"{&quot;animation&quot;:&quot;fadeInUp&quot;}\">\n\t\t\t\t\t<div class=\"e-con-inner\">\n\t\t<div class=\"elementor-element elementor-element-1eebf77 e-con-full e-flex e-con e-child\" data-id=\"1eebf77\" data-element_type=\"container\" data-e-type=\"container\">\n\t\t\t\t<div class=\"elementor-element elementor-element-d04244e elementor-widget elementor-widget-heading\" data-id=\"d04244e\" data-element_type=\"widget\" data-e-type=\"widget\" data-widget_type=\"heading.default\">\n\t\t\t\t<div class=\"elementor-widget-container\">\n\t\t\t\t\t<h3 class=\"elementor-heading-title elementor-size-default\">Generalunternehmer f\u00fcr folgende Gewerke:<\/h3>\t\t\t\t<\/div>\n\t\t\t\t<\/div>\n\t\t\t\t<div class=\"elementor-element elementor-element-ed60100 elementor-widget elementor-widget-text-editor\" data-id=\"ed60100\" data-element_type=\"widget\" data-e-type=\"widget\" data-widget_type=\"text-editor.default\">\n\t\t\t\t<div class=\"elementor-widget-container\">\n\t\t\t\t\t\t\t\t\t<h4><span style=\"color: #ff6600;\">\u2022 Architekt &amp; Statik \u2022 Bauleitung \u2022 Dachdecker \u2022 Zimmerei \u2022 Maurer \u2022 Fensterbau \u2022 Trockenbau \u2022 Heizung &amp; Sanit\u00e4r \u2022 Elektro \u2022 Putz \u2022 Estrich \u2022 Maler \u2022 WDVS Fassade \u2022 Fliesen \u2022 Garten- &amp; Landschaftsbau<\/span><\/h4>\t\t\t\t\t\t\t\t<\/div>\n\t\t\t\t<\/div>\n\t\t\t\t<\/div>\n\t\t<div class=\"elementor-element elementor-element-7cfee78 e-con-full e-flex e-con e-child\" data-id=\"7cfee78\" data-element_type=\"container\" data-e-type=\"container\">\n\t\t\t\t<div class=\"elementor-element elementor-element-300f420 elementor-widget elementor-widget-image\" data-id=\"300f420\" data-element_type=\"widget\" data-e-type=\"widget\" data-widget_type=\"image.default\">\n\t\t\t\t<div class=\"elementor-widget-container\">\n\t\t\t\t\t\t\t\t\t\t\t\t\t\t\t<img fetchpriority=\"high\" decoding=\"async\" width=\"696\" height=\"464\" src=\"https:\/\/samsa-bauen.de\/wp-content\/uploads\/2023\/09\/haus_2.webp\" class=\"attachment-large size-large wp-image-172\" alt=\"\" srcset=\"https:\/\/samsa-bauen.de\/wp-content\/uploads\/2023\/09\/haus_2.webp 1024w, https:\/\/samsa-bauen.de\/wp-content\/uploads\/2023\/09\/haus_2-300x200.webp 300w, https:\/\/samsa-bauen.de\/wp-content\/uploads\/2023\/09\/haus_2-768x512.webp 768w\" sizes=\"(max-width: 696px) 100vw, 696px\" \/>\t\t\t\t\t\t\t\t\t\t\t\t\t\t\t<\/div>\n\t\t\t\t<\/div>\n\t\t\t\t<\/div>\n\t\t\t\t\t<\/div>\n\t\t\t\t<\/div>\n\t\t<div class=\"elementor-element elementor-element-6ac71dd e-flex e-con-boxed e-con e-parent\" data-id=\"6ac71dd\" data-element_type=\"container\" data-e-type=\"container\">\n\t\t\t\t\t<div class=\"e-con-inner\">\n\t\t<div class=\"elementor-element elementor-element-c68d5d3 e-con-full e-flex e-con e-child\" data-id=\"c68d5d3\" data-element_type=\"container\" data-e-type=\"container\">\n\t\t\t\t<div class=\"elementor-element elementor-element-2933df9 eael-flipbox-content-align-center elementor-widget elementor-widget-eael-flip-box\" data-id=\"2933df9\" data-element_type=\"widget\" data-e-type=\"widget\" data-widget_type=\"eael-flip-box.default\">\n\t\t\t\t<div class=\"elementor-widget-container\">\n\t\t\t\t\t        <div class=\"eael-elements-flip-box-container eael-animate-flip eael-animate-left eael-content eael-flip-box-hover eael-flipbox-fixed-height eael-flipbox-dynamic\">\n\n            <div class=\"eael-elements-flip-box-flip-card\">\n                <div class=\"eael-elements-flip-box-front-container\">\n                    \n                    \n                        <div class=\"eael-elements-slider-display-table\">\n                            <div class=\"eael-elements-flip-box-vertical-align\">\n                                <div class=\"eael-elements-flip-box-padding\">\n                                    <div class=\"eael-elements-flip-box-icon-image\">\n                                                                            <\/div>\n                                    <h4 class=\"eael-elements-flip-box-heading\">Erweiterung, Umbau, Sanierung<\/h4>                                    <div class=\"eael-elements-flip-box-content\">\n\t                                    <p>F\u00fcr \u00c4nderungs- oder Erweiterungsw\u00fcnsche und sogar Komplettsanierungen, egal was Sie als Wunsch haben, wir machen es realisierbar. Das versprechen wir als starker Partner an Ihrer Seite.<\/p>                                    <\/div>\n                                <\/div>\n                            <\/div>\n                        <\/div>\n                                    <\/div>\n\n                <div class=\"eael-elements-flip-box-rear-container\">\n                                                                <div class=\"eael-elements-slider-display-table\">\n                            <div class=\"eael-elements-flip-box-vertical-align\">\n                                <div class=\"eael-elements-flip-box-padding\">\n                                                                                                            <div class=\"eael-elements-flip-box-content\">\n                                                                            <\/div>\n\n                                                                    <\/div>\n                            <\/div>\n                        <\/div>\n                                    <\/div>\n            <\/div>\n        <\/div>\n        \t\t\t\t<\/div>\n\t\t\t\t<\/div>\n\t\t\t\t<\/div>\n\t\t<div class=\"elementor-element elementor-element-277e011 e-con-full e-flex e-con e-child\" data-id=\"277e011\" data-element_type=\"container\" data-e-type=\"container\">\n\t\t\t\t<div class=\"elementor-element elementor-element-8df317b eael-flipbox-content-align-center elementor-widget elementor-widget-eael-flip-box\" data-id=\"8df317b\" data-element_type=\"widget\" data-e-type=\"widget\" data-widget_type=\"eael-flip-box.default\">\n\t\t\t\t<div class=\"elementor-widget-container\">\n\t\t\t\t\t        <div class=\"eael-elements-flip-box-container eael-animate-flip eael-animate-left eael-content eael-flip-box-hover eael-flipbox-fixed-height eael-flipbox-dynamic\">\n\n            <div class=\"eael-elements-flip-box-flip-card\">\n                <div class=\"eael-elements-flip-box-front-container\">\n                    \n                    \n                        <div class=\"eael-elements-slider-display-table\">\n                            <div class=\"eael-elements-flip-box-vertical-align\">\n                                <div class=\"eael-elements-flip-box-padding\">\n                                    <div class=\"eael-elements-flip-box-icon-image\">\n                                                                            <\/div>\n                                    <h4 class=\"eael-elements-flip-box-heading\">Alle Gewerke aus einer Hand<\/h4>                                    <div class=\"eael-elements-flip-box-content\">\n\t                                    <p>Mit unserem Architekt und Statiker sind wir immer gut aufgestellt und wir k\u00f6nnen so garantieren, dass alles seine Richtigkeit hat. Eine Sicherheit die nicht selbstverst\u00e4ndlich ist. Bei uns schon!<\/p>                                    <\/div>\n                                <\/div>\n                            <\/div>\n                        <\/div>\n                                    <\/div>\n\n                <div class=\"eael-elements-flip-box-rear-container\">\n                                                                <div class=\"eael-elements-slider-display-table\">\n                            <div class=\"eael-elements-flip-box-vertical-align\">\n                                <div class=\"eael-elements-flip-box-padding\">\n                                                                                                            <h2 class=\"eael-elements-flip-box-heading\">\"Wir bauen, als w\u00fcrden wir selbst drin wohnen.\"<\/h2>\n                                                                        <div class=\"eael-elements-flip-box-content\">\n                                                                            <\/div>\n\n                                                                    <\/div>\n                            <\/div>\n                        <\/div>\n                                    <\/div>\n            <\/div>\n        <\/div>\n        \t\t\t\t<\/div>\n\t\t\t\t<\/div>\n\t\t\t\t<\/div>\n\t\t<div class=\"elementor-element elementor-element-74b4632 e-con-full e-flex e-con e-child\" data-id=\"74b4632\" data-element_type=\"container\" data-e-type=\"container\">\n\t\t\t\t<div class=\"elementor-element elementor-element-412a943 eael-flipbox-content-align-center elementor-widget elementor-widget-eael-flip-box\" data-id=\"412a943\" data-element_type=\"widget\" data-e-type=\"widget\" data-widget_type=\"eael-flip-box.default\">\n\t\t\t\t<div class=\"elementor-widget-container\">\n\t\t\t\t\t        <div class=\"eael-elements-flip-box-container eael-animate-flip eael-animate-left eael-content eael-flip-box-hover eael-flipbox-fixed-height eael-flipbox-dynamic\">\n\n            <div class=\"eael-elements-flip-box-flip-card\">\n                <div class=\"eael-elements-flip-box-front-container\">\n                    \n                    \n                        <div class=\"eael-elements-slider-display-table\">\n                            <div class=\"eael-elements-flip-box-vertical-align\">\n                                <div class=\"eael-elements-flip-box-padding\">\n                                    <div class=\"eael-elements-flip-box-icon-image\">\n                                                                            <\/div>\n                                    <h4 class=\"eael-elements-flip-box-heading\">Sorgenlos &amp; \u00dcbersichtlich<\/h4>                                    <div class=\"eael-elements-flip-box-content\">\n\t                                    <p>Wir k\u00fcmmern uns um den gesamten Bauablauf. Wir bieten Ihnen einen kompletten Sorgenlos Paket, mit uns als Partner sind Sie stehts auf der sicheren Seite.<\/p>                                    <\/div>\n                                <\/div>\n                            <\/div>\n                        <\/div>\n                                    <\/div>\n\n                <div class=\"eael-elements-flip-box-rear-container\">\n                                                                <div class=\"eael-elements-slider-display-table\">\n                            <div class=\"eael-elements-flip-box-vertical-align\">\n                                <div class=\"eael-elements-flip-box-padding\">\n                                                                                                            <h2 class=\"eael-elements-flip-box-heading\">Der erste Schritt - Termin sichern!<\/h2>\n                                                                        <div class=\"eael-elements-flip-box-content\">\n                                        Sprechen Sie mit uns \u00fcber Ihr Bauvorhaben. Rufen Sie uns an unter: <a href=\"tel:+17622688466\">0176 22688466<\/a> oder schreiben uns eine Email an <a href=\"mailto:info@samsa-bauen.de\">info@samsa-bauen.de<\/a>                                    <\/div>\n\n                                                                    <\/div>\n                            <\/div>\n                        <\/div>\n                                    <\/div>\n            <\/div>\n        <\/div>\n        \t\t\t\t<\/div>\n\t\t\t\t<\/div>\n\t\t\t\t<\/div>\n\t\t\t\t\t<\/div>\n\t\t\t\t<\/div>\n\t\t\t\t<\/div>\n\t\t","protected":false},"excerpt":{"rendered":"<p>Mit Herz und Seele statt einfach nur bauen. Unser Slogan, den wir mit Stolz und Ehrlichkeit transportieren \u201eWir bauen, als w\u00fcrden wir selbst drin wohnen.\u201c, soll Ihnen zeigen, dass wir Ihr Haus mit Herz und Seele bauen. Wir sind ein Unternehmen, das den Traum vom Eigenheim Wirklichkeit werden l\u00e4sst. Dabei sagen wir Ihnen nicht nur,<\/p><\/div>\n<div class=\"blog-btn\"><a href=\"https:\/\/samsa-bauen.de\/index.php\/about\/\" class=\"home-blog-btn\">Weiterlesen<\/a><\/p>\n","protected":false},"author":1,"featured_media":0,"parent":0,"menu_order":0,"comment_status":"closed","ping_status":"closed","template":"template\/template-about.php","meta":{"om_disable_all_campaigns":false,"_monsterinsights_skip_tracking":false,"_monsterinsights_sitenote_active":false,"_monsterinsights_sitenote_note":"","_monsterinsights_sitenote_category":0,"footnotes":""},"class_list":["post-45","page","type-page","status-publish","hentry"],"aioseo_notices":[],"_links":{"self":[{"href":"https:\/\/samsa-bauen.de\/index.php\/wp-json\/wp\/v2\/pages\/45","targetHints":{"allow":["GET"]}}],"collection":[{"href":"https:\/\/samsa-bauen.de\/index.php\/wp-json\/wp\/v2\/pages"}],"about":[{"href":"https:\/\/samsa-bauen.de\/index.php\/wp-json\/wp\/v2\/types\/page"}],"author":[{"embeddable":true,"href":"https:\/\/samsa-bauen.de\/index.php\/wp-json\/wp\/v2\/users\/1"}],"replies":[{"embeddable":true,"href":"https:\/\/samsa-bauen.de\/index.php\/wp-json\/wp\/v2\/comments?post=45"}],"version-history":[{"count":22,"href":"https:\/\/samsa-bauen.de\/index.php\/wp-json\/wp\/v2\/pages\/45\/revisions"}],"predecessor-version":[{"id":201,"href":"https:\/\/samsa-bauen.de\/index.php\/wp-json\/wp\/v2\/pages\/45\/revisions\/201"}],"wp:attachment":[{"href":"https:\/\/samsa-bauen.de\/index.php\/wp-json\/wp\/v2\/media?parent=45"}],"curies":[{"name":"wp","href":"https:\/\/api.w.org\/{rel}","templated":true}]}}