{"id":150,"date":"2023-09-20T07:39:46","date_gmt":"2023-09-20T07:39:46","guid":{"rendered":"https:\/\/samsa-bauen.de\/?page_id=150"},"modified":"2023-09-20T07:58:24","modified_gmt":"2023-09-20T07:58:24","slug":"impressum","status":"publish","type":"page","link":"https:\/\/samsa-bauen.de\/index.php\/impressum\/","title":{"rendered":"Impressum"},"content":{"rendered":"\t\t<div data-elementor-type=\"wp-page\" data-elementor-id=\"150\" class=\"elementor elementor-150\">\n\t\t\t\t<div class=\"elementor-element elementor-element-a0afbfd e-flex e-con-boxed elementor-invisible e-con e-parent\" data-id=\"a0afbfd\" data-element_type=\"container\" data-e-type=\"container\" data-settings=\"{&quot;animation&quot;:&quot;fadeInUp&quot;}\">\n\t\t\t\t\t<div class=\"e-con-inner\">\n\t\t<div class=\"elementor-element elementor-element-1eebf77 e-con-full e-flex e-con e-child\" data-id=\"1eebf77\" data-element_type=\"container\" data-e-type=\"container\">\n\t\t\t\t<div class=\"elementor-element elementor-element-61eab88 elementor-widget elementor-widget-text-editor\" data-id=\"61eab88\" data-element_type=\"widget\" data-e-type=\"widget\" data-widget_type=\"text-editor.default\">\n\t\t\t\t<div class=\"elementor-widget-container\">\n\t\t\t\t\t\t\t\t\t<h3>Die hier gegebenen Informationen erfolgen zur Erf\u00fcllung nachfolgend genannter gesetzlicher Verpflichtungen:<\/h3><p>\u00a7 5 Telemediengesetz (TMG)<br \/>\u00a7 55 Staatsvertrag \u00fcber Rundfunk und Telemedien (RStV)<br \/>\u00a7 4 Abs. 3 Bundesdatenschutzgesetz (BDSG)<br \/>\u00a7 312c B\u00fcrgerliches Gesetzbuch (BGB)<br \/>\u00a7 1 BGB-Informationspflichten-Verordnung (BGB-InfoV)<\/p>\t\t\t\t\t\t\t\t<\/div>\n\t\t\t\t<\/div>\n\t\t\t\t<div class=\"elementor-element elementor-element-30e9766 elementor-widget elementor-widget-text-editor\" data-id=\"30e9766\" data-element_type=\"widget\" data-e-type=\"widget\" data-widget_type=\"text-editor.default\">\n\t\t\t\t<div class=\"elementor-widget-container\">\n\t\t\t\t\t\t\t\t\t<h3>Samsa Planen und Bauen GmbH &amp; Co. KG<\/h3><p>Heinrichstra\u00dfe 3<br \/>38302 Wolfenb\u00fcttel<\/p><p><strong>Telefon:<\/strong> 0176 22 688 466<br \/><strong>E-Mail:<\/strong> info@samsa-bauen.de<br \/><strong>Internet:<\/strong> www.samsa-bauen.de<br \/><br \/><strong>Steuernummer:<br \/><\/strong>51\/208\/04000<br \/><strong><br \/>Umsatzsteuer-Identifikationsnummer:<br \/><\/strong> DE340902454<br \/><br \/><strong>Registergericht:<\/strong> Braunschweig<br \/><strong>Registernummer<\/strong>: HRA 202584<br \/><br \/><strong>Vertreten durch:<\/strong><br \/>Samsa Planen &amp; Bauen Verwaltungsgesellschaft mbH<br \/><strong>Gesch\u00e4ftsf\u00fchrer:<\/strong> Y\u00fcnus Samsa<br \/><br \/><strong>Registergericht:<\/strong> Braunschweig<br \/><strong>Registernummer:<\/strong> HRB 209018<\/p>\t\t\t\t\t\t\t\t<\/div>\n\t\t\t\t<\/div>\n\t\t\t\t<\/div>\n\t\t<div class=\"elementor-element elementor-element-7cfee78 e-con-full e-flex e-con e-child\" data-id=\"7cfee78\" data-element_type=\"container\" data-e-type=\"container\">\n\t\t\t\t<div class=\"elementor-element elementor-element-97d89ad elementor-widget elementor-widget-text-editor\" data-id=\"97d89ad\" data-element_type=\"widget\" data-e-type=\"widget\" data-widget_type=\"text-editor.default\">\n\t\t\t\t<div class=\"elementor-widget-container\">\n\t\t\t\t\t\t\t\t\t<h3>Verbraucherstreitbeilegungsgesetz<\/h3><p>Seit 1. Februar 2017 gilt das Verbraucherstreitbeilegungsgesetz, das eine m\u00f6gliche Form der Konfliktschlichtung regelt. Die Kommunikation zwischen Verbraucherschlichtungsstelle und den Parteien soll nach der Verfahrensordnung der allgemeinen Verbraucherschlichtungsstelle grunds\u00e4tzlich in Textform erfolgen.<\/p><p>Ihre Zufriedenheit ist uns wichtig! Sie k\u00f6nnen sich als unser Kunde sicher sein: F\u00fcr uns ist es selbstverst\u00e4ndlich, unn\u00f6tige Auseinandersetzungen zu vermeiden und Konflikte einvernehmlich, im pers\u00f6nlichen Kontakt zu l\u00f6sen.<\/p><p>Daher sind wir zur Teilnahme an einem Streitbeilegungsverfahren gem\u00e4\u00df \u00a736 des Verbraucherstreitbeilegungsgesetzes weder bereit, noch verpflichtet. Im Bedarfsfall wenden Sie sich bitte an die Gesch\u00e4ftsf\u00fchrung.<\/p><h3>Copyright<\/h3><p>Die Inhalte dieser Website sind urheberrechtlich gesch\u00fctzt. Ihre Nutzung ist nur zum privaten Zweck zul\u00e4ssig. Jede Vervielf\u00e4ltigung, Vorf\u00fchrung, Sendung, Vermietung und\/oder Leihe der Website oder einzelner Inhalte ist ohne Einwilligung des Rechteinhabers untersagt und zieht straf- oder zivilrechtliche Folgen nach sich. Alle Rechte bleiben vorbehalten. Der Rechteinhaber beh\u00e4lt sich das Recht vor, jederzeit und ohne vorherige Ank\u00fcndigung Verbesserungen und \u00c4nderungen an der Website oder einzelner Inhalte vorzunehmen.<\/p><h3>Haftungsausschluss<\/h3><p>Trotz sorgf\u00e4ltiger inhaltlicher Kontrolle \u00fcbernehmen wir f\u00fcr die Inhalte externer Links keine Haftung. F\u00fcr die Inhalte der verlinkten Seiten sind ausschlie\u00dflich deren Betreiber verantwortlich.<\/p><p>Die Informationen und Angaben der Homepage wurden nach bestem Wissen und Gewissen zusammengestellt. Samsa Planen und Bauen \u00fcbernimmt jedoch keine Haftung f\u00fcr die Aktualit\u00e4t, Korrektheit oder Vollst\u00e4ndigkeit der bereitgestellten Informationen und Angaben. Haftungsanspr\u00fcche materieller und ideeller Art, die durch die Nutzung m\u00f6glicherweise fehlerhafter oder unvollst\u00e4ndiger Informationen verursacht wurden, sind mit Ausnahme vors\u00e4tzlichen oder grob fahrl\u00e4ssigen Handelns ausgeschlossen.<\/p>\t\t\t\t\t\t\t\t<\/div>\n\t\t\t\t<\/div>\n\t\t\t\t<\/div>\n\t\t\t\t\t<\/div>\n\t\t\t\t<\/div>\n\t\t<div class=\"elementor-element elementor-element-6ac71dd e-flex e-con-boxed e-con e-parent\" data-id=\"6ac71dd\" data-element_type=\"container\" data-e-type=\"container\">\n\t\t\t\t\t<div class=\"e-con-inner\">\n\t\t<div class=\"elementor-element elementor-element-c68d5d3 e-con-full e-flex e-con e-child\" data-id=\"c68d5d3\" data-element_type=\"container\" data-e-type=\"container\">\n\t\t\t\t<div class=\"elementor-element elementor-element-2933df9 eael-flipbox-content-align-center elementor-widget elementor-widget-eael-flip-box\" data-id=\"2933df9\" data-element_type=\"widget\" data-e-type=\"widget\" data-widget_type=\"eael-flip-box.default\">\n\t\t\t\t<div class=\"elementor-widget-container\">\n\t\t\t\t\t        <div class=\"eael-elements-flip-box-container eael-animate-flip eael-animate-left eael-content eael-flip-box-hover eael-flipbox-fixed-height eael-flipbox-dynamic\">\n\n            <div class=\"eael-elements-flip-box-flip-card\">\n                <div class=\"eael-elements-flip-box-front-container\">\n                    \n                    \n                        <div class=\"eael-elements-slider-display-table\">\n                            <div class=\"eael-elements-flip-box-vertical-align\">\n                                <div class=\"eael-elements-flip-box-padding\">\n                                    <div class=\"eael-elements-flip-box-icon-image\">\n                                                                            <\/div>\n                                    <h4 class=\"eael-elements-flip-box-heading\">Erweiterung, Umbau, Sanierung<\/h4>                                    <div class=\"eael-elements-flip-box-content\">\n\t                                    <p>F\u00fcr \u00c4nderungs- oder Erweiterungsw\u00fcnsche und sogar Komplettsanierungen, egal was Sie als Wunsch haben, wir machen es realizierbar. Das versprechen wir als starker Partner an Ihrer Seite.<\/p>                                    <\/div>\n                                <\/div>\n                            <\/div>\n                        <\/div>\n                                    <\/div>\n\n                <div class=\"eael-elements-flip-box-rear-container\">\n                                                                <div class=\"eael-elements-slider-display-table\">\n                            <div class=\"eael-elements-flip-box-vertical-align\">\n                                <div class=\"eael-elements-flip-box-padding\">\n                                                                                                            <div class=\"eael-elements-flip-box-content\">\n                                                                            <\/div>\n\n                                                                    <\/div>\n                            <\/div>\n                        <\/div>\n                                    <\/div>\n            <\/div>\n        <\/div>\n        \t\t\t\t<\/div>\n\t\t\t\t<\/div>\n\t\t\t\t<\/div>\n\t\t<div class=\"elementor-element elementor-element-277e011 e-con-full e-flex e-con e-child\" data-id=\"277e011\" data-element_type=\"container\" data-e-type=\"container\">\n\t\t\t\t<div class=\"elementor-element elementor-element-8df317b eael-flipbox-content-align-center elementor-widget elementor-widget-eael-flip-box\" data-id=\"8df317b\" data-element_type=\"widget\" data-e-type=\"widget\" data-widget_type=\"eael-flip-box.default\">\n\t\t\t\t<div class=\"elementor-widget-container\">\n\t\t\t\t\t        <div class=\"eael-elements-flip-box-container eael-animate-flip eael-animate-left eael-content eael-flip-box-hover eael-flipbox-fixed-height eael-flipbox-dynamic\">\n\n            <div class=\"eael-elements-flip-box-flip-card\">\n                <div class=\"eael-elements-flip-box-front-container\">\n                    \n                    \n                        <div class=\"eael-elements-slider-display-table\">\n                            <div class=\"eael-elements-flip-box-vertical-align\">\n                                <div class=\"eael-elements-flip-box-padding\">\n                                    <div class=\"eael-elements-flip-box-icon-image\">\n                                                                            <\/div>\n                                    <h4 class=\"eael-elements-flip-box-heading\">Alle Gewerke aus einer Hand<\/h4>                                    <div class=\"eael-elements-flip-box-content\">\n\t                                    <p>Mit unserem Architekt und Statiker sind wir immer gut aufgestellt und wir k\u00f6nnen so garantieren, dass alles seine Richtigkeit hat. Eine Sicherheit die nicht selbstverst\u00e4ndlich ist. Bei uns schon!<\/p>                                    <\/div>\n                                <\/div>\n                            <\/div>\n                        <\/div>\n                                    <\/div>\n\n                <div class=\"eael-elements-flip-box-rear-container\">\n                                                                <div class=\"eael-elements-slider-display-table\">\n                            <div class=\"eael-elements-flip-box-vertical-align\">\n                                <div class=\"eael-elements-flip-box-padding\">\n                                                                                                            <h2 class=\"eael-elements-flip-box-heading\">\"Wir bauen, als w\u00fcrden wir selbst drin wohnen.\"<\/h2>\n                                                                        <div class=\"eael-elements-flip-box-content\">\n                                                                            <\/div>\n\n                                                                    <\/div>\n                            <\/div>\n                        <\/div>\n                                    <\/div>\n            <\/div>\n        <\/div>\n        \t\t\t\t<\/div>\n\t\t\t\t<\/div>\n\t\t\t\t<\/div>\n\t\t<div class=\"elementor-element elementor-element-74b4632 e-con-full e-flex e-con e-child\" data-id=\"74b4632\" data-element_type=\"container\" data-e-type=\"container\">\n\t\t\t\t<div class=\"elementor-element elementor-element-412a943 eael-flipbox-content-align-center elementor-widget elementor-widget-eael-flip-box\" data-id=\"412a943\" data-element_type=\"widget\" data-e-type=\"widget\" data-widget_type=\"eael-flip-box.default\">\n\t\t\t\t<div class=\"elementor-widget-container\">\n\t\t\t\t\t        <div class=\"eael-elements-flip-box-container eael-animate-flip eael-animate-left eael-content eael-flip-box-hover eael-flipbox-fixed-height eael-flipbox-dynamic\">\n\n            <div class=\"eael-elements-flip-box-flip-card\">\n                <div class=\"eael-elements-flip-box-front-container\">\n                    \n                    \n                        <div class=\"eael-elements-slider-display-table\">\n                            <div class=\"eael-elements-flip-box-vertical-align\">\n                                <div class=\"eael-elements-flip-box-padding\">\n                                    <div class=\"eael-elements-flip-box-icon-image\">\n                                                                            <\/div>\n                                    <h4 class=\"eael-elements-flip-box-heading\">Sorgenlos &amp; \u00dcbersichtlich<\/h4>                                    <div class=\"eael-elements-flip-box-content\">\n\t                                    <p>Wir k\u00fcmmern uns um den gesamten Bauablauf. Wir bieten Ihnen einen kompletten Sorgenlos Paket, mit uns als Partner sind Sie stehts auf der sicheren Seite.<\/p>                                    <\/div>\n                                <\/div>\n                            <\/div>\n                        <\/div>\n                                    <\/div>\n\n                <div class=\"eael-elements-flip-box-rear-container\">\n                                                                <div class=\"eael-elements-slider-display-table\">\n                            <div class=\"eael-elements-flip-box-vertical-align\">\n                                <div class=\"eael-elements-flip-box-padding\">\n                                                                                                            <h2 class=\"eael-elements-flip-box-heading\">Der erste Schritt - Termin sichern!<\/h2>\n                                                                        <div class=\"eael-elements-flip-box-content\">\n                                        Sprechen Sie mit uns \u00fcber Ihr Bauvorhaben. Rufen Sie uns an unter: <a href=\"tel:+17622688466\">0176 22688466<\/a> oder schreiben uns eine Email an <a href=\"mailto:info@samsa-bauen.de\">info@samsa-bauen.de<\/a>                                    <\/div>\n\n                                                                    <\/div>\n                            <\/div>\n                        <\/div>\n                                    <\/div>\n            <\/div>\n        <\/div>\n        \t\t\t\t<\/div>\n\t\t\t\t<\/div>\n\t\t\t\t<\/div>\n\t\t\t\t\t<\/div>\n\t\t\t\t<\/div>\n\t\t\t\t<\/div>\n\t\t","protected":false},"excerpt":{"rendered":"<p>Die hier gegebenen Informationen erfolgen zur Erf\u00fcllung nachfolgend genannter gesetzlicher Verpflichtungen: \u00a7 5 Telemediengesetz (TMG)\u00a7 55 Staatsvertrag \u00fcber Rundfunk und Telemedien (RStV)\u00a7 4 Abs. 3 Bundesdatenschutzgesetz (BDSG)\u00a7 312c B\u00fcrgerliches Gesetzbuch (BGB)\u00a7 1 BGB-Informationspflichten-Verordnung (BGB-InfoV) Samsa Planen und Bauen GmbH &amp; Co. KG Heinrichstra\u00dfe 338302 Wolfenb\u00fcttel Telefon: 0176 22 688 466E-Mail: info@samsa-bauen.deInternet: www.samsa-bauen.de Steuernummer:51\/208\/04000Umsatzsteuer-Identifikationsnummer: DE340902454 Registergericht:<\/p><\/div>\n<div class=\"blog-btn\"><a href=\"https:\/\/samsa-bauen.de\/index.php\/impressum\/\" class=\"home-blog-btn\">Weiterlesen<\/a><\/p>\n","protected":false},"author":1,"featured_media":0,"parent":0,"menu_order":0,"comment_status":"closed","ping_status":"closed","template":"template\/template-about.php","meta":{"om_disable_all_campaigns":false,"_monsterinsights_skip_tracking":false,"_monsterinsights_sitenote_active":false,"_monsterinsights_sitenote_note":"","_monsterinsights_sitenote_category":0,"footnotes":""},"class_list":["post-150","page","type-page","status-publish","hentry"],"aioseo_notices":[],"_links":{"self":[{"href":"https:\/\/samsa-bauen.de\/index.php\/wp-json\/wp\/v2\/pages\/150","targetHints":{"allow":["GET"]}}],"collection":[{"href":"https:\/\/samsa-bauen.de\/index.php\/wp-json\/wp\/v2\/pages"}],"about":[{"href":"https:\/\/samsa-bauen.de\/index.php\/wp-json\/wp\/v2\/types\/page"}],"author":[{"embeddable":true,"href":"https:\/\/samsa-bauen.de\/index.php\/wp-json\/wp\/v2\/users\/1"}],"replies":[{"embeddable":true,"href":"https:\/\/samsa-bauen.de\/index.php\/wp-json\/wp\/v2\/comments?post=150"}],"version-history":[{"count":7,"href":"https:\/\/samsa-bauen.de\/index.php\/wp-json\/wp\/v2\/pages\/150\/revisions"}],"predecessor-version":[{"id":159,"href":"https:\/\/samsa-bauen.de\/index.php\/wp-json\/wp\/v2\/pages\/150\/revisions\/159"}],"wp:attachment":[{"href":"https:\/\/samsa-bauen.de\/index.php\/wp-json\/wp\/v2\/media?parent=150"}],"curies":[{"name":"wp","href":"https:\/\/api.w.org\/{rel}","templated":true}]}}